{"id":68,"date":"2026-04-08T19:29:05","date_gmt":"2026-04-08T16:29:05","guid":{"rendered":"https:\/\/bosshotelrize.com\/?page_id=68"},"modified":"2026-04-08T20:25:05","modified_gmt":"2026-04-08T17:25:05","slug":"21-suit-oda","status":"publish","type":"page","link":"https:\/\/bosshotelrize.com\/?page_id=68","title":{"rendered":""},"content":{"rendered":"\n<figure class=\"wp-block-pullquote\"><blockquote><p><\/p><\/blockquote><\/figure>\n\n\n\n<p><\/p>\n\n\n\n<p><\/p>\n\n\n\n<h1 class=\"wp-block-heading\">2+1 s\u00fcit oda<\/h1>\n\n\n\n<p id=\"p-rc_5f658779e54564a5-61\">Maksimum 6 ki\u015filik geni\u015f konaklama kapasitesine sahiptir<sup><\/sup><sup><\/sup><sup><\/sup>.<\/p>\n\n\n\n<p id=\"p-rc_5f658779e54564a5-62\">Yatak konfig\u00fcrasyonu; 1 adet \u00e7ift ki\u015filik yatak, 2 adet tek ki\u015filik yatak ve 2 adet \u00e7ekyat\/kanepe \u015feklinde tasarlanm\u0131\u015ft\u0131r<sup><\/sup><sup><\/sup>.<\/p>\n\n\n\n<p id=\"p-rc_5f658779e54564a5-63\">Mutfak ni\u015fi (kitchenette) tarz\u0131 yerle\u015fimi ile kalabal\u0131k ailelere ve gruplara esnek bir kullan\u0131m alan\u0131 sa\u011flar<sup><\/sup>.<\/p>\n\n\n\n<p id=\"p-rc_5f658779e54564a5-64\">Her odada standart olarak klima ve \u0131s\u0131tma sistemleri bulunmaktad\u0131r<sup><\/sup>.<\/p>\n\n\n\n<p id=\"p-rc_5f658779e54564a5-65\">\u0130leti\u015fim ve e\u011flence i\u00e7in \u00fccretsiz kablosuz internet (Wi-Fi), LCD TV ve uydu kanallar\u0131 mevcuttur<sup><\/sup><sup><\/sup><sup><\/sup><sup><\/sup>.<\/p>\n\n\n\n<p id=\"p-rc_5f658779e54564a5-66\">Odalarda elektrikli su \u0131s\u0131t\u0131c\u0131s\u0131 ve \u00e7ay-kahve seti haz\u0131r bulunur<sup><\/sup>.<\/p>\n\n\n\n<p id=\"p-rc_5f658779e54564a5-67\">\u00d6zel banyolarda du\u015f, sa\u00e7 kurutma makinesi ve gerekli banyo buklet malzemeleri sunulmaktad\u0131r<sup><\/sup>.<\/p>\n\n\n\n<figure class=\"wp-block-image size-large\"><img loading=\"lazy\" decoding=\"async\" width=\"1024\" height=\"683\" src=\"https:\/\/bosshotelrize.com\/wp-content\/uploads\/2026\/04\/PhotoshopExtension_Image-19-1024x683.png\" alt=\"\" class=\"wp-image-69\" srcset=\"https:\/\/bosshotelrize.com\/wp-content\/uploads\/2026\/04\/PhotoshopExtension_Image-19-1024x683.png 1024w, https:\/\/bosshotelrize.com\/wp-content\/uploads\/2026\/04\/PhotoshopExtension_Image-19-300x200.png 300w, https:\/\/bosshotelrize.com\/wp-content\/uploads\/2026\/04\/PhotoshopExtension_Image-19-768x512.png 768w, https:\/\/bosshotelrize.com\/wp-content\/uploads\/2026\/04\/PhotoshopExtension_Image-19.png 1200w\" sizes=\"auto, (max-width: 1024px) 100vw, 1024px\" \/><\/figure>\n\n\n\n<figure class=\"wp-block-image size-large\"><img loading=\"lazy\" decoding=\"async\" width=\"1024\" height=\"682\" src=\"https:\/\/bosshotelrize.com\/wp-content\/uploads\/2026\/04\/PhotoshopExtension_Image-21-1024x682.png\" alt=\"\" class=\"wp-image-70\" srcset=\"https:\/\/bosshotelrize.com\/wp-content\/uploads\/2026\/04\/PhotoshopExtension_Image-21-1024x682.png 1024w, https:\/\/bosshotelrize.com\/wp-content\/uploads\/2026\/04\/PhotoshopExtension_Image-21-300x200.png 300w, https:\/\/bosshotelrize.com\/wp-content\/uploads\/2026\/04\/PhotoshopExtension_Image-21-768x512.png 768w, https:\/\/bosshotelrize.com\/wp-content\/uploads\/2026\/04\/PhotoshopExtension_Image-21.png 1280w\" sizes=\"auto, (max-width: 1024px) 100vw, 1024px\" \/><\/figure>\n\n\n\n<figure class=\"wp-block-image size-large\"><img loading=\"lazy\" decoding=\"async\" width=\"1024\" height=\"682\" src=\"https:\/\/bosshotelrize.com\/wp-content\/uploads\/2026\/04\/PhotoshopExtension_Image-26-1024x682.png\" alt=\"\" class=\"wp-image-71\" srcset=\"https:\/\/bosshotelrize.com\/wp-content\/uploads\/2026\/04\/PhotoshopExtension_Image-26-1024x682.png 1024w, https:\/\/bosshotelrize.com\/wp-content\/uploads\/2026\/04\/PhotoshopExtension_Image-26-300x200.png 300w, https:\/\/bosshotelrize.com\/wp-content\/uploads\/2026\/04\/PhotoshopExtension_Image-26-768x512.png 768w, https:\/\/bosshotelrize.com\/wp-content\/uploads\/2026\/04\/PhotoshopExtension_Image-26.png 1280w\" sizes=\"auto, (max-width: 1024px) 100vw, 1024px\" \/><\/figure>\n\n\n\n<figure class=\"wp-block-image size-full is-resized\"><img loading=\"lazy\" decoding=\"async\" width=\"450\" height=\"330\" src=\"https:\/\/bosshotelrize.com\/wp-content\/uploads\/2026\/04\/PhotoshopExtension_Image-9.png\" alt=\"\" class=\"wp-image-72\" style=\"width:837px;height:auto\" srcset=\"https:\/\/bosshotelrize.com\/wp-content\/uploads\/2026\/04\/PhotoshopExtension_Image-9.png 450w, https:\/\/bosshotelrize.com\/wp-content\/uploads\/2026\/04\/PhotoshopExtension_Image-9-300x220.png 300w\" sizes=\"auto, (max-width: 450px) 100vw, 450px\" \/><\/figure>\n\n\n","protected":false},"excerpt":{"rendered":"<p>2+1 s\u00fcit oda Maksimum 6 ki\u015filik geni\u015f konaklama kapasitesine sahiptir. Yatak konfig\u00fcrasyonu; 1 adet \u00e7ift ki\u015filik yatak, 2 adet tek ki\u015filik yatak ve 2 adet \u00e7ekyat\/kanepe \u015feklinde tasarlanm\u0131\u015ft\u0131r. Mutfak ni\u015fi (kitchenette) tarz\u0131 yerle\u015fimi ile kalabal\u0131k ailelere ve gruplara esnek bir kullan\u0131m alan\u0131 sa\u011flar. Her odada standart olarak klima ve \u0131s\u0131tma sistemleri bulunmaktad\u0131r. \u0130leti\u015fim ve e\u011flence [&hellip;]<\/p>\n","protected":false},"author":1,"featured_media":0,"parent":0,"menu_order":0,"comment_status":"closed","ping_status":"closed","template":"","meta":{"footnotes":""},"class_list":["post-68","page","type-page","status-publish","hentry"],"_links":{"self":[{"href":"https:\/\/bosshotelrize.com\/index.php?rest_route=\/wp\/v2\/pages\/68","targetHints":{"allow":["GET"]}}],"collection":[{"href":"https:\/\/bosshotelrize.com\/index.php?rest_route=\/wp\/v2\/pages"}],"about":[{"href":"https:\/\/bosshotelrize.com\/index.php?rest_route=\/wp\/v2\/types\/page"}],"author":[{"embeddable":true,"href":"https:\/\/bosshotelrize.com\/index.php?rest_route=\/wp\/v2\/users\/1"}],"replies":[{"embeddable":true,"href":"https:\/\/bosshotelrize.com\/index.php?rest_route=%2Fwp%2Fv2%2Fcomments&post=68"}],"version-history":[{"count":2,"href":"https:\/\/bosshotelrize.com\/index.php?rest_route=\/wp\/v2\/pages\/68\/revisions"}],"predecessor-version":[{"id":86,"href":"https:\/\/bosshotelrize.com\/index.php?rest_route=\/wp\/v2\/pages\/68\/revisions\/86"}],"wp:attachment":[{"href":"https:\/\/bosshotelrize.com\/index.php?rest_route=%2Fwp%2Fv2%2Fmedia&parent=68"}],"curies":[{"name":"wp","href":"https:\/\/api.w.org\/{rel}","templated":true}]}}