{"id":63,"date":"2026-04-08T19:17:03","date_gmt":"2026-04-08T16:17:03","guid":{"rendered":"https:\/\/bosshotelrize.com\/?page_id=63"},"modified":"2026-04-08T19:17:03","modified_gmt":"2026-04-08T16:17:03","slug":"standart-oda","status":"publish","type":"page","link":"https:\/\/bosshotelrize.com\/?page_id=63","title":{"rendered":"Standart Oda"},"content":{"rendered":"\n<p id=\"p-rc_a0184b5d4d80d56f-19\">Da\u011f ve do\u011fa manzaras\u0131na sahip olan bu odalar maksimum 2 ki\u015filik konaklama kapasitesine sahiptir<sup><\/sup><sup><\/sup><sup><\/sup><sup><\/sup>.<\/p>\n\n\n\n<p id=\"p-rc_a0184b5d4d80d56f-20\">Odada bir adet \u00e7ift ki\u015filik yatak bulunmaktad\u0131r<sup><\/sup>.<\/p>\n\n\n\n<p id=\"p-rc_a0184b5d4d80d56f-21\">Misafirlerin konforu i\u00e7in klima ve \u0131s\u0131tma sistemleri standart olarak yer al\u0131r<sup><\/sup><sup><\/sup><sup><\/sup><sup><\/sup>.<\/p>\n\n\n\n<p id=\"p-rc_a0184b5d4d80d56f-22\">\u0130leti\u015fim ve medya ihtiya\u00e7lar\u0131 i\u00e7in \u00fccretsiz Wi-Fi, LCD TV ve uydu kanallar\u0131 mevcuttur<sup><\/sup><sup><\/sup><sup><\/sup><sup><\/sup>.<\/p>\n\n\n\n<p id=\"p-rc_a0184b5d4d80d56f-23\">Odalarda elektrikli su \u0131s\u0131t\u0131c\u0131s\u0131 ve \u00e7ay-kahve seti kullan\u0131ma sunulmu\u015ftur<sup><\/sup><sup><\/sup><sup><\/sup><sup><\/sup>.<\/p>\n\n\n\n<p id=\"p-rc_a0184b5d4d80d56f-24\">\u00d6zel banyolarda du\u015f, sa\u00e7 kurutma makinesi ve gerekli banyo buklet malzemeleri haz\u0131r bulunur<sup><\/sup><sup><\/sup><sup><\/sup><sup><\/sup>.<\/p>\n\n\n\n<p id=\"p-rc_a0184b5d4d80d56f-25\">T\u00fcm odalar sigara i\u00e7ilmeyen alan olarak belirlenmi\u015ftir<sup><\/sup><sup><\/sup><sup><\/sup><sup><\/sup>.<\/p>\n\n\n\n<figure class=\"wp-block-image size-large\"><img loading=\"lazy\" decoding=\"async\" width=\"1024\" height=\"683\" src=\"https:\/\/bosshotelrize.com\/wp-content\/uploads\/2026\/04\/DSC06756-1024x683.jpg\" alt=\"\" class=\"wp-image-15\" srcset=\"https:\/\/bosshotelrize.com\/wp-content\/uploads\/2026\/04\/DSC06756-1024x683.jpg 1024w, https:\/\/bosshotelrize.com\/wp-content\/uploads\/2026\/04\/DSC06756-300x200.jpg 300w, https:\/\/bosshotelrize.com\/wp-content\/uploads\/2026\/04\/DSC06756-768x512.jpg 768w, https:\/\/bosshotelrize.com\/wp-content\/uploads\/2026\/04\/DSC06756-1536x1024.jpg 1536w, https:\/\/bosshotelrize.com\/wp-content\/uploads\/2026\/04\/DSC06756.jpg 2048w\" sizes=\"auto, (max-width: 1024px) 100vw, 1024px\" \/><\/figure>\n\n\n\n<figure class=\"wp-block-image size-large\"><img loading=\"lazy\" decoding=\"async\" width=\"1024\" height=\"683\" src=\"https:\/\/bosshotelrize.com\/wp-content\/uploads\/2026\/04\/DSC06757-1024x683.jpg\" alt=\"\" class=\"wp-image-16\" srcset=\"https:\/\/bosshotelrize.com\/wp-content\/uploads\/2026\/04\/DSC06757-1024x683.jpg 1024w, https:\/\/bosshotelrize.com\/wp-content\/uploads\/2026\/04\/DSC06757-300x200.jpg 300w, https:\/\/bosshotelrize.com\/wp-content\/uploads\/2026\/04\/DSC06757-768x512.jpg 768w, https:\/\/bosshotelrize.com\/wp-content\/uploads\/2026\/04\/DSC06757-1536x1024.jpg 1536w, https:\/\/bosshotelrize.com\/wp-content\/uploads\/2026\/04\/DSC06757.jpg 2048w\" sizes=\"auto, (max-width: 1024px) 100vw, 1024px\" \/><\/figure>\n\n\n\n<figure class=\"wp-block-image size-large\"><img loading=\"lazy\" decoding=\"async\" width=\"1024\" height=\"683\" src=\"https:\/\/bosshotelrize.com\/wp-content\/uploads\/2026\/04\/DSC06754-1024x683.jpg\" alt=\"\" class=\"wp-image-13\" srcset=\"https:\/\/bosshotelrize.com\/wp-content\/uploads\/2026\/04\/DSC06754-1024x683.jpg 1024w, https:\/\/bosshotelrize.com\/wp-content\/uploads\/2026\/04\/DSC06754-300x200.jpg 300w, https:\/\/bosshotelrize.com\/wp-content\/uploads\/2026\/04\/DSC06754-768x512.jpg 768w, https:\/\/bosshotelrize.com\/wp-content\/uploads\/2026\/04\/DSC06754-1536x1024.jpg 1536w, https:\/\/bosshotelrize.com\/wp-content\/uploads\/2026\/04\/DSC06754.jpg 2048w\" sizes=\"auto, (max-width: 1024px) 100vw, 1024px\" \/><\/figure>\n\n\n\n<figure class=\"wp-block-image size-large is-resized\"><img loading=\"lazy\" decoding=\"async\" width=\"683\" height=\"1024\" src=\"https:\/\/bosshotelrize.com\/wp-content\/uploads\/2026\/04\/DSC06753-683x1024.jpg\" alt=\"\" class=\"wp-image-12\" style=\"width:837px;height:auto\" srcset=\"https:\/\/bosshotelrize.com\/wp-content\/uploads\/2026\/04\/DSC06753-683x1024.jpg 683w, https:\/\/bosshotelrize.com\/wp-content\/uploads\/2026\/04\/DSC06753-200x300.jpg 200w, https:\/\/bosshotelrize.com\/wp-content\/uploads\/2026\/04\/DSC06753-768x1152.jpg 768w, https:\/\/bosshotelrize.com\/wp-content\/uploads\/2026\/04\/DSC06753-1024x1536.jpg 1024w, https:\/\/bosshotelrize.com\/wp-content\/uploads\/2026\/04\/DSC06753.jpg 1365w\" sizes=\"auto, (max-width: 683px) 100vw, 683px\" \/><\/figure>\n","protected":false},"excerpt":{"rendered":"<p>Da\u011f ve do\u011fa manzaras\u0131na sahip olan bu odalar maksimum 2 ki\u015filik konaklama kapasitesine sahiptir. Odada bir adet \u00e7ift ki\u015filik yatak bulunmaktad\u0131r. Misafirlerin konforu i\u00e7in klima ve \u0131s\u0131tma sistemleri standart olarak yer al\u0131r. \u0130leti\u015fim ve medya ihtiya\u00e7lar\u0131 i\u00e7in \u00fccretsiz Wi-Fi, LCD TV ve uydu kanallar\u0131 mevcuttur. Odalarda elektrikli su \u0131s\u0131t\u0131c\u0131s\u0131 ve \u00e7ay-kahve seti kullan\u0131ma sunulmu\u015ftur. \u00d6zel [&hellip;]<\/p>\n","protected":false},"author":1,"featured_media":0,"parent":0,"menu_order":0,"comment_status":"closed","ping_status":"closed","template":"","meta":{"footnotes":""},"class_list":["post-63","page","type-page","status-publish","hentry"],"_links":{"self":[{"href":"https:\/\/bosshotelrize.com\/index.php?rest_route=\/wp\/v2\/pages\/63","targetHints":{"allow":["GET"]}}],"collection":[{"href":"https:\/\/bosshotelrize.com\/index.php?rest_route=\/wp\/v2\/pages"}],"about":[{"href":"https:\/\/bosshotelrize.com\/index.php?rest_route=\/wp\/v2\/types\/page"}],"author":[{"embeddable":true,"href":"https:\/\/bosshotelrize.com\/index.php?rest_route=\/wp\/v2\/users\/1"}],"replies":[{"embeddable":true,"href":"https:\/\/bosshotelrize.com\/index.php?rest_route=%2Fwp%2Fv2%2Fcomments&post=63"}],"version-history":[{"count":1,"href":"https:\/\/bosshotelrize.com\/index.php?rest_route=\/wp\/v2\/pages\/63\/revisions"}],"predecessor-version":[{"id":64,"href":"https:\/\/bosshotelrize.com\/index.php?rest_route=\/wp\/v2\/pages\/63\/revisions\/64"}],"wp:attachment":[{"href":"https:\/\/bosshotelrize.com\/index.php?rest_route=%2Fwp%2Fv2%2Fmedia&parent=63"}],"curies":[{"name":"wp","href":"https:\/\/api.w.org\/{rel}","templated":true}]}}